{"id":3436,"date":"2019-02-13T13:09:06","date_gmt":"2019-02-13T10:09:06","guid":{"rendered":"http:\/\/ozguntur.com.tr\/hakkimizda\/"},"modified":"2019-05-06T14:42:21","modified_gmt":"2019-05-06T11:42:21","slug":"hakkimizda","status":"publish","type":"page","link":"https:\/\/ozguntur.com.tr\/en\/hakkimizda\/","title":{"rendered":"ABOUT US"},"content":{"rendered":"<p>[vc_row][vc_column width=&#8221;1\/6&#8243;][\/vc_column][vc_column width=&#8221;2\/3&#8243;]<div id=\"ultimate-heading-66569ef8a20cca68\" class=\"uvc-heading ult-adjust-bottom-margin ultimate-heading-66569ef8a20cca68 uvc-6855 \" data-hspacer=\"no_spacer\"  data-halign=\"center\" style=\"text-align:center\"><div class=\"uvc-heading-spacer no_spacer\" style=\"top\"><\/div><div class=\"uvc-main-heading ult-responsive\"  data-ultimate-target='.uvc-heading.ultimate-heading-66569ef8a20cca68 h2'  data-responsive-json-new='{\"font-size\":\"desktop:22px;\",\"line-height\":\"\"}' ><h2 style=\"font-weight:bold;margin-bottom:15px;\">WE HAVE BEEN WORKING TO SEE HAPPY PEOPLE FOR 30 YEARS<\/h2><\/div><div class=\"uvc-sub-heading ult-responsive\"  data-ultimate-target='.uvc-heading.ultimate-heading-66569ef8a20cca68 .uvc-sub-heading '  data-responsive-json-new='{\"font-size\":\"\",\"line-height\":\"\"}'  style=\"font-weight:normal;\"><\/p>\n<p class=\"western\">It is established by Abdullah Erdo\u011fan, Adnan Erdo\u011fan, and Ayhan Erdo\u011fan in Antalya in 1989. \u00d6zg\u00fcntur \u0130n\u015faat, main field of operation of which is the sales of construction materials, has attained a rapid growth in a short time thanks to devoted work of its partners in Antalya.<\/p>\n<p><\/div><\/div>[\/vc_column][vc_column width=&#8221;1\/6&#8243;][\/vc_column][\/vc_row][vc_row][vc_column][vc_empty_space][vc_single_image image=&#8221;3826&#8243; img_size=&#8221;full&#8221; alignment=&#8221;center&#8221;][\/vc_column][\/vc_row][vc_row][vc_column width=&#8221;1\/2&#8243;]<div id=\"ultimate-heading-386869ef8a20ccaef\" class=\"uvc-heading ult-adjust-bottom-margin ultimate-heading-386869ef8a20ccaef uvc-5575 \" data-hspacer=\"no_spacer\"  data-halign=\"left\" style=\"text-align:left\"><div class=\"uvc-heading-spacer no_spacer\" style=\"top\"><\/div><div class=\"uvc-main-heading ult-responsive\"  data-ultimate-target='.uvc-heading.ultimate-heading-386869ef8a20ccaef h2'  data-responsive-json-new='{\"font-size\":\"desktop:22px;\",\"line-height\":\"\"}' ><h2 style=\"font-weight:bold;margin-top:150px;margin-bottom:15px;\">WE PRODUCE PROJECTS ADDING VALUE TO LIFE<\/h2><\/div><div class=\"uvc-sub-heading ult-responsive\"  data-ultimate-target='.uvc-heading.ultimate-heading-386869ef8a20ccaef .uvc-sub-heading '  data-responsive-json-new='{\"font-size\":\"\",\"line-height\":\"\"}'  style=\"font-weight:normal;\"><\/p>\n<p class=\"western\">With its mission of achieving customer satisfaction and social responsibilities in the best way, \u00d6zg\u00fcntur \u0130n\u015faat has not refrained from following the innovations and technology in order to achieve its goal.<\/p>\n<p><\/div><\/div>[\/vc_column][vc_column width=&#8221;1\/2&#8243;][vc_single_image image=&#8221;1579&#8243; img_size=&#8221;full&#8221; alignment=&#8221;center&#8221;][\/vc_column][\/vc_row][vc_row][vc_column width=&#8221;1\/2&#8243;][vc_single_image image=&#8221;1576&#8243; img_size=&#8221;full&#8221; alignment=&#8221;center&#8221;][\/vc_column][vc_column width=&#8221;1\/2&#8243;]<div id=\"ultimate-heading-837469ef8a20ccb3f\" class=\"uvc-heading ult-adjust-bottom-margin ultimate-heading-837469ef8a20ccb3f uvc-8568 \" data-hspacer=\"no_spacer\"  data-halign=\"left\" style=\"text-align:left\"><div class=\"uvc-heading-spacer no_spacer\" style=\"top\"><\/div><div class=\"uvc-main-heading ult-responsive\"  data-ultimate-target='.uvc-heading.ultimate-heading-837469ef8a20ccb3f h2'  data-responsive-json-new='{\"font-size\":\"desktop:22px;\",\"line-height\":\"\"}' ><h2 style=\"font-weight:bold;margin-top:150px;margin-bottom:15px;\">WE ARE CREATING COLORFUL LIVING SPACES<\/h2><\/div><div class=\"uvc-sub-heading ult-responsive\"  data-ultimate-target='.uvc-heading.ultimate-heading-837469ef8a20ccb3f .uvc-sub-heading '  data-responsive-json-new='{\"font-size\":\"\",\"line-height\":\"\"}'  style=\"font-weight:normal;\"><\/p>\n<p class=\"western\">\u00d6zg\u00fcntur \u0130n\u015faat, attaining a structure that does not stop working even in times of crisis thanks to customer trust, will always continue to create more contemporary, livable and comfortable living spaces.<\/p>\n<p><\/div><\/div>[\/vc_column][\/vc_row]<\/p>\n","protected":false},"excerpt":{"rendered":"<p>[vc_row][vc_column width=&#8221;1\/6&#8243;][\/vc_column][vc_column width=&#8221;2\/3&#8243;][\/vc_column][vc_column width=&#8221;1\/6&#8243;][\/vc_column][\/vc_row][vc_row][vc_column][vc_empty_space][vc_single_image image=&#8221;3826&#8243; img_size=&#8221;full&#8221; alignment=&#8221;center&#8221;][\/vc_column][\/vc_row][vc_row][vc_column width=&#8221;1\/2&#8243;][\/vc_column][vc_column width=&#8221;1\/2&#8243;][vc_single_image image=&#8221;1579&#8243; img_size=&#8221;full&#8221; alignment=&#8221;center&#8221;][\/vc_column][\/vc_row][vc_row][vc_column width=&#8221;1\/2&#8243;][vc_single_image image=&#8221;1576&#8243; img_size=&#8221;full&#8221; alignment=&#8221;center&#8221;][\/vc_column][vc_column width=&#8221;1\/2&#8243;][\/vc_column][\/vc_row]<\/p>\n","protected":false},"author":1,"featured_media":0,"parent":0,"menu_order":0,"comment_status":"closed","ping_status":"closed","template":"","meta":[],"_links":{"self":[{"href":"https:\/\/ozguntur.com.tr\/en\/wp-json\/wp\/v2\/pages\/3436"}],"collection":[{"href":"https:\/\/ozguntur.com.tr\/en\/wp-json\/wp\/v2\/pages"}],"about":[{"href":"https:\/\/ozguntur.com.tr\/en\/wp-json\/wp\/v2\/types\/page"}],"author":[{"embeddable":true,"href":"https:\/\/ozguntur.com.tr\/en\/wp-json\/wp\/v2\/users\/1"}],"replies":[{"embeddable":true,"href":"https:\/\/ozguntur.com.tr\/en\/wp-json\/wp\/v2\/comments?post=3436"}],"version-history":[{"count":4,"href":"https:\/\/ozguntur.com.tr\/en\/wp-json\/wp\/v2\/pages\/3436\/revisions"}],"predecessor-version":[{"id":3831,"href":"https:\/\/ozguntur.com.tr\/en\/wp-json\/wp\/v2\/pages\/3436\/revisions\/3831"}],"wp:attachment":[{"href":"https:\/\/ozguntur.com.tr\/en\/wp-json\/wp\/v2\/media?parent=3436"}],"curies":[{"name":"wp","href":"https:\/\/api.w.org\/{rel}","templated":true}]}}