{"id":3460,"date":"2019-02-13T14:08:06","date_gmt":"2019-02-13T11:08:06","guid":{"rendered":"http:\/\/ozguntur.com.tr\/iletisim\/"},"modified":"2025-05-28T22:48:05","modified_gmt":"2025-05-28T19:48:05","slug":"iletisim","status":"publish","type":"page","link":"https:\/\/ozguntur.com.tr\/en\/iletisim\/","title":{"rendered":"CONTACT US"},"content":{"rendered":"<p>[vc_row][vc_column width=&#8221;1\/2&#8243;]<div id=\"ultimate-heading-897169ef8a205edf4\" class=\"uvc-heading ult-adjust-bottom-margin ultimate-heading-897169ef8a205edf4 uvc-8835 \" data-hspacer=\"no_spacer\"  data-halign=\"left\" style=\"text-align:left\"><div class=\"uvc-heading-spacer no_spacer\" style=\"top\"><\/div><div class=\"uvc-main-heading ult-responsive\"  data-ultimate-target='.uvc-heading.ultimate-heading-897169ef8a205edf4 h2'  data-responsive-json-new='{\"font-size\":\"desktop:20px;\",\"line-height\":\"\"}' ><h2 style=\"font-weight:bold;\">\u00d6zg\u00fcntur \u00d6zel E\u011fitim \u0130n\u015faat Taahh\u00fct Turizm Ticaret A.\u015e.<\/h2><\/div><\/div><div id=\"ultimate-heading-468569ef8a205ee73\" class=\"uvc-heading ult-adjust-bottom-margin ultimate-heading-468569ef8a205ee73 uvc-6813 \" data-hspacer=\"no_spacer\"  data-halign=\"left\" style=\"text-align:left\"><div class=\"uvc-heading-spacer no_spacer\" style=\"top\"><\/div><div class=\"uvc-main-heading ult-responsive\"  data-ultimate-target='.uvc-heading.ultimate-heading-468569ef8a205ee73 h2'  data-responsive-json-new='{\"font-size\":\"desktop:20px;\",\"line-height\":\"desktop:22px;\"}' ><h2 style=\"font-weight:bold;margin-top:25px;margin-bottom:10px;\">SALES OFFICE<\/h2><\/div><div class=\"uvc-sub-heading ult-responsive\"  data-ultimate-target='.uvc-heading.ultimate-heading-468569ef8a205ee73 .uvc-sub-heading '  data-responsive-json-new='{\"font-size\":\"\",\"line-height\":\"\"}'  style=\"font-weight:normal;\">+90 242 255 06 94<\/div><\/div><div id=\"ultimate-heading-613969ef8a205eec3\" class=\"uvc-heading ult-adjust-bottom-margin ultimate-heading-613969ef8a205eec3 uvc-4606 \" data-hspacer=\"no_spacer\"  data-halign=\"left\" style=\"text-align:left\"><div class=\"uvc-heading-spacer no_spacer\" style=\"top\"><\/div><div class=\"uvc-main-heading ult-responsive\"  data-ultimate-target='.uvc-heading.ultimate-heading-613969ef8a205eec3 h2'  data-responsive-json-new='{\"font-size\":\"desktop:20px;\",\"line-height\":\"desktop:22px;\"}' ><h2 style=\"font-weight:bold;margin-top:25px;margin-bottom:10px;\">E-MAIL<\/h2><\/div><div class=\"uvc-sub-heading ult-responsive\"  data-ultimate-target='.uvc-heading.ultimate-heading-613969ef8a205eec3 .uvc-sub-heading '  data-responsive-json-new='{\"font-size\":\"\",\"line-height\":\"\"}'  style=\"font-weight:normal;\">info@ozguntur.com.tr<\/div><\/div><div id=\"ultimate-heading-777869ef8a205ef0d\" class=\"uvc-heading ult-adjust-bottom-margin ultimate-heading-777869ef8a205ef0d uvc-7244 \" data-hspacer=\"no_spacer\"  data-halign=\"left\" style=\"text-align:left\"><div class=\"uvc-heading-spacer no_spacer\" style=\"top\"><\/div><div class=\"uvc-main-heading ult-responsive\"  data-ultimate-target='.uvc-heading.ultimate-heading-777869ef8a205ef0d h2'  data-responsive-json-new='{\"font-size\":\"desktop:20px;\",\"line-height\":\"desktop:22px;\"}' ><h2 style=\"font-weight:bold;margin-top:25px;margin-bottom:10px;\">ADDRESS<\/h2><\/div><div class=\"uvc-sub-heading ult-responsive\"  data-ultimate-target='.uvc-heading.ultimate-heading-777869ef8a205ef0d .uvc-sub-heading '  data-responsive-json-new='{\"font-size\":\"\",\"line-height\":\"\"}'  style=\"font-weight:normal;\"><\/p>\n<div class=\"wpb_column vc_column_container vc_col-sm-6\">\n<div class=\"vc_column-inner\">\n<div class=\"wpb_wrapper\">\n<div id=\"ultimate-heading-20956837684795c01\" class=\"uvc-heading ult-adjust-bottom-margin ultimate-heading-20956837684795c01 uvc-498 \" data-hspacer=\"no_spacer\" data-halign=\"left\">\n<div class=\"uvc-sub-heading ult-responsive\" data-ultimate-target=\".uvc-heading.ultimate-heading-20956837684795c01 .uvc-sub-heading \" data-responsive-json-new=\"{&quot;font-size&quot;:&quot;&quot;,&quot;line-height&quot;:&quot;&quot;}\">\u00c7a\u011flayan Mahallesi Fener Caddesi Erdo\u011fan \u0130\u015f Merkezi 12\/B Muratpa\u015fa\/Antalya<\/div>\n<\/div>\n<\/div>\n<\/div>\n<\/div>\n<div class=\"wpb_column vc_column_container vc_col-sm-6\">\n<div class=\"vc_column-inner\">\n<div class=\"wpb_wrapper\">\n<div class=\"wpb_gmaps_widget wpb_content_element\">\n<div class=\"wpb_wrapper\"><\/div>\n<\/div>\n<\/div>\n<\/div>\n<\/div>\n<p><\/div><\/div>[\/vc_column][vc_column width=&#8221;1\/2&#8243;][vc_gmaps link=&#8221;#E-8_JTNDaWZyYW1lJTIwc3JjJTNEJTIyaHR0cHMlM0ElMkYlMkZ3d3cuZ29vZ2xlLmNvbSUyRm1hcHMlMkZlbWJlZCUzRnBiJTNEJTIxMW0xOCUyMTFtMTIlMjExbTMlMjExZDMxOTIuNjI4NjQ5MDg3MzIyNiUyMTJkMzAuNzY1MDU1OTE1NzczMjc0JTIxM2QzNi44NTEzNjg3Nzk5MzgwOCUyMTJtMyUyMTFmMCUyMTJmMCUyMTNmMCUyMTNtMiUyMTFpMTAyNCUyMTJpNzY4JTIxNGYxMy4xJTIxM20zJTIxMW0yJTIxMXMweDE0YzM5YWNhMWE0OWRkNTclMjUzQTB4NjEzNzhlYzQ3OTEzNDE1MiUyMTJ6dzVaNlo4TzhiblIxY2lCSmJzV2ZZV0YwJTIxNWUwJTIxM20yJTIxMXN0ciUyMTJzdHIlMjE0djE1NTAwNTYyNTc1NTIlMjIlMjB3aWR0aCUzRCUyMjYwMCUyMiUyMGhlaWdodCUzRCUyMjQ1MCUyMiUyMGZyYW1lYm9yZGVyJTNEJTIyMCUyMiUyMHN0eWxlJTNEJTIyYm9yZGVyJTNBMCUyMiUyMGFsbG93ZnVsbHNjcmVlbiUzRSUzQyUyRmlmcmFtZSUzRQ==&#8221;][\/vc_column][\/vc_row]<\/p>\n","protected":false},"excerpt":{"rendered":"<p>[vc_row][vc_column width=&#8221;1\/2&#8243;][\/vc_column][vc_column width=&#8221;1\/2&#8243;][vc_gmaps link=&#8221;#E-8_JTNDaWZyYW1lJTIwc3JjJTNEJTIyaHR0cHMlM0ElMkYlMkZ3d3cuZ29vZ2xlLmNvbSUyRm1hcHMlMkZlbWJlZCUzRnBiJTNEJTIxMW0xOCUyMTFtMTIlMjExbTMlMjExZDMxOTIuNjI4NjQ5MDg3MzIyNiUyMTJkMzAuNzY1MDU1OTE1NzczMjc0JTIxM2QzNi44NTEzNjg3Nzk5MzgwOCUyMTJtMyUyMTFmMCUyMTJmMCUyMTNmMCUyMTNtMiUyMTFpMTAyNCUyMTJpNzY4JTIxNGYxMy4xJTIxM20zJTIxMW0yJTIxMXMweDE0YzM5YWNhMWE0OWRkNTclMjUzQTB4NjEzNzhlYzQ3OTEzNDE1MiUyMTJ6dzVaNlo4TzhiblIxY2lCSmJzV2ZZV0YwJTIxNWUwJTIxM20yJTIxMXN0ciUyMTJzdHIlMjE0djE1NTAwNTYyNTc1NTIlMjIlMjB3aWR0aCUzRCUyMjYwMCUyMiUyMGhlaWdodCUzRCUyMjQ1MCUyMiUyMGZyYW1lYm9yZGVyJTNEJTIyMCUyMiUyMHN0eWxlJTNEJTIyYm9yZGVyJTNBMCUyMiUyMGFsbG93ZnVsbHNjcmVlbiUzRSUzQyUyRmlmcmFtZSUzRQ==&#8221;][\/vc_column][\/vc_row]<\/p>\n","protected":false},"author":1,"featured_media":0,"parent":0,"menu_order":0,"comment_status":"closed","ping_status":"closed","template":"","meta":[],"_links":{"self":[{"href":"https:\/\/ozguntur.com.tr\/en\/wp-json\/wp\/v2\/pages\/3460"}],"collection":[{"href":"https:\/\/ozguntur.com.tr\/en\/wp-json\/wp\/v2\/pages"}],"about":[{"href":"https:\/\/ozguntur.com.tr\/en\/wp-json\/wp\/v2\/types\/page"}],"author":[{"embeddable":true,"href":"https:\/\/ozguntur.com.tr\/en\/wp-json\/wp\/v2\/users\/1"}],"replies":[{"embeddable":true,"href":"https:\/\/ozguntur.com.tr\/en\/wp-json\/wp\/v2\/comments?post=3460"}],"version-history":[{"count":4,"href":"https:\/\/ozguntur.com.tr\/en\/wp-json\/wp\/v2\/pages\/3460\/revisions"}],"predecessor-version":[{"id":9245,"href":"https:\/\/ozguntur.com.tr\/en\/wp-json\/wp\/v2\/pages\/3460\/revisions\/9245"}],"wp:attachment":[{"href":"https:\/\/ozguntur.com.tr\/en\/wp-json\/wp\/v2\/media?parent=3460"}],"curies":[{"name":"wp","href":"https:\/\/api.w.org\/{rel}","templated":true}]}}