{"id":3437,"date":"2019-02-13T13:09:06","date_gmt":"2019-02-13T10:09:06","guid":{"rendered":"http:\/\/ozguntur.com.tr\/hakkimizda\/"},"modified":"2019-05-06T14:43:00","modified_gmt":"2019-05-06T11:43:00","slug":"hakkimizda","status":"publish","type":"page","link":"https:\/\/ozguntur.com.tr\/ru\/hakkimizda\/","title":{"rendered":"\u041e \u041d\u0410\u0421"},"content":{"rendered":"<p>[vc_row][vc_column width=&#187;1\/6&#8243;][\/vc_column][vc_column width=&#187;2\/3&#8243;]<div id=\"ultimate-heading-45669ef89eb7eb0a\" class=\"uvc-heading ult-adjust-bottom-margin ultimate-heading-45669ef89eb7eb0a uvc-5913 \" data-hspacer=\"no_spacer\"  data-halign=\"center\" style=\"text-align:center\"><div class=\"uvc-heading-spacer no_spacer\" style=\"top\"><\/div><div class=\"uvc-main-heading ult-responsive\"  data-ultimate-target='.uvc-heading.ultimate-heading-45669ef89eb7eb0a h2'  data-responsive-json-new='{\"font-size\":\"desktop:22px;\",\"line-height\":\"\"}' ><h2 style=\"font-weight:bold;margin-bottom:15px;\">\u0420\u0410\u0411\u041e\u0422\u0410\u0415\u041c \u0423\u0416\u0415 30 \u041b\u0415\u0422, \u0427\u0422\u041e\u0411\u042b \u0414\u0415\u041b\u0410\u0422\u042c \u041b\u042e\u0414\u0415\u0419 \u0421\u0427\u0410\u0421\u0422\u041b\u0418\u0412\u0415\u0415<\/h2><\/div><div class=\"uvc-sub-heading ult-responsive\"  data-ultimate-target='.uvc-heading.ultimate-heading-45669ef89eb7eb0a .uvc-sub-heading '  data-responsive-json-new='{\"font-size\":\"\",\"line-height\":\"\"}'  style=\"font-weight:normal;\">\u041a\u043e\u043c\u043f\u0430\u043d\u0438\u044f \u0431\u044b\u043b\u0430 \u043e\u0441\u043d\u043e\u0432\u0430\u043d\u0430 \u0432 1989 \u0433\u043e\u0434\u0443 \u0410\u0431\u0434\u0443\u043b\u043b\u043e\u0439 \u042d\u0440\u0434\u043e\u0433\u0430\u043d\u043e\u043c, \u0410\u0434\u043d\u0430\u043d\u043e\u043c \u042d\u0440\u0434\u043e\u0433\u0430\u043d\u043e\u043c \u0438 \u0410\u0439\u0445\u0430\u043d\u043e\u043c \u042d\u0440\u0434\u043e\u0433\u0430\u043d\u043e\u043c \u0432 \u0410\u043d\u0442\u0430\u043b\u0438\u0438. \u0411\u043b\u0430\u0433\u043e\u0434\u0430\u0440\u044f \u0441\u0430\u043c\u043e\u043e\u0442\u0432\u0435\u0440\u0436\u0435\u043d\u043d\u043e\u0439 \u0440\u0430\u0431\u043e\u0442\u0435 \u043f\u0430\u0440\u0442\u043d\u0435\u0440\u043e\u0432 \u043a\u043e\u043c\u043f\u0430\u043d\u0438\u044f \u00d6zg\u00fcntur \u0130n\u015faat, \u043a\u043e\u0442\u043e\u0440\u0430\u044f \u043d\u0430\u0447\u0430\u043b\u0430 \u0434\u0435\u044f\u0442\u0435\u043b\u044c\u043d\u043e\u0441\u0442\u044c \u0432 \u0410\u043d\u0442\u0430\u043b\u0438\u0438 \u0441 \u043f\u0440\u043e\u0434\u0430\u0436\u0438 \u0441\u0442\u0440\u043e\u0438\u0442\u0435\u043b\u044c\u043d\u044b\u0445 \u043c\u0430\u0442\u0435\u0440\u0438\u0430\u043b\u043e\u0432, \u0437\u0430 \u043a\u043e\u0440\u043e\u0442\u043a\u0438\u0439 \u043f\u0435\u0440\u0438\u043e\u0434 \u0432\u0440\u0435\u043c\u0435\u043d\u0438 \u043d\u0430\u0447\u0430\u043b\u0430 \u0440\u0430\u0441\u0442\u0438 \u0431\u044b\u0441\u0442\u0440\u044b\u043c\u0438 \u0442\u0435\u043c\u043f\u0430\u043c\u0438.<\/div><\/div>[\/vc_column][vc_column width=&#187;1\/6&#8243;][\/vc_column][\/vc_row][vc_row][vc_column][vc_empty_space][vc_single_image image=&#187;3827&#8243; img_size=&#187;full&#187; alignment=&#187;center&#187;][\/vc_column][\/vc_row][vc_row][vc_column width=&#187;1\/2&#8243;]<div id=\"ultimate-heading-687769ef89eb7ebac\" class=\"uvc-heading ult-adjust-bottom-margin ultimate-heading-687769ef89eb7ebac uvc-4675 \" data-hspacer=\"no_spacer\"  data-halign=\"left\" style=\"text-align:left\"><div class=\"uvc-heading-spacer no_spacer\" style=\"top\"><\/div><div class=\"uvc-main-heading ult-responsive\"  data-ultimate-target='.uvc-heading.ultimate-heading-687769ef89eb7ebac h2'  data-responsive-json-new='{\"font-size\":\"desktop:22px;\",\"line-height\":\"\"}' ><h2 style=\"font-weight:bold;margin-top:150px;margin-bottom:15px;\">\u0412\u042b\u041f\u041e\u041b\u041d\u042f\u0415\u041c \u041f\u0420\u041e\u0415\u041a\u0422\u042b, \u0414\u041e\u0421\u0422\u041e\u0419\u041d\u042b\u0415 \u0412\u0410\u0421<\/h2><\/div><div class=\"uvc-sub-heading ult-responsive\"  data-ultimate-target='.uvc-heading.ultimate-heading-687769ef89eb7ebac .uvc-sub-heading '  data-responsive-json-new='{\"font-size\":\"\",\"line-height\":\"\"}'  style=\"font-weight:normal;\">\u041c\u0438\u0441\u0441\u0438\u044f \u043a\u043e\u043c\u043f\u0430\u043d\u0438\u0438 \u00d6zg\u00fcntur \u0130n\u015faat \u0441\u043e\u0441\u0442\u043e\u0438\u0442 \u0432 \u043e\u0431\u0435\u0441\u043f\u0435\u0447\u0435\u043d\u0438\u0438 \u0432\u044b\u0441\u043e\u0447\u0430\u0439\u0448\u0435\u0433\u043e \u0443\u0440\u043e\u0432\u043d\u044f \u0443\u0434\u043e\u0432\u043b\u0435\u0442\u0432\u043e\u0440\u0435\u043d\u043d\u043e\u0441\u0442\u0438 \u0437\u0430\u043a\u0430\u0437\u0447\u0438\u043a\u043e\u0432 \u0438 \u0432\u044b\u043f\u043e\u043b\u043d\u0435\u043d\u0438\u0438 \u0441\u0432\u043e\u0438\u0445 \u0441\u043e\u0446\u0438\u0430\u043b\u044c\u043d\u044b\u0445 \u043e\u0431\u044f\u0437\u0430\u0442\u0435\u043b\u044c\u0441\u0442\u0432. \u0414\u043b\u044f \u0432\u044b\u043f\u043e\u043b\u043d\u0435\u043d\u0438\u044f \u044d\u0442\u043e\u0439 \u043c\u0438\u0441\u0441\u0438\u0438 \u043a\u043e\u043c\u043f\u0430\u043d\u0438\u044f \u043d\u0435\u043e\u0442\u0440\u044b\u0432\u043d\u043e \u0441\u043b\u0435\u0434\u0438\u0442 \u0437\u0430 \u0438\u043d\u043d\u043e\u0432\u0430\u0446\u0438\u044f\u043c\u0438 \u0438 \u0442\u0435\u0445\u043d\u043e\u043b\u043e\u0433\u0438\u044f\u043c\u0438 \u0438 \u0430\u043a\u0442\u0438\u0432\u043d\u043e \u043f\u0440\u0438\u043c\u0435\u043d\u044f\u0435\u0442 \u0438\u0445 \u0432 \u0441\u0432\u043e\u0435\u0439 \u0434\u0435\u044f\u0442\u0435\u043b\u044c\u043d\u043e\u0441\u0442\u0438.<\/div><\/div>[\/vc_column][vc_column width=&#187;1\/2&#8243;][vc_single_image image=&#187;1580&#8243; img_size=&#187;full&#187; alignment=&#187;center&#187;][\/vc_column][\/vc_row][vc_row][vc_column width=&#187;1\/2&#8243;][vc_single_image image=&#187;1577&#8243; img_size=&#187;full&#187; alignment=&#187;center&#187;][\/vc_column][vc_column width=&#187;1\/2&#8243;]<div id=\"ultimate-heading-546269ef89eb7ebfe\" class=\"uvc-heading ult-adjust-bottom-margin ultimate-heading-546269ef89eb7ebfe uvc-4963 \" data-hspacer=\"no_spacer\"  data-halign=\"left\" style=\"text-align:left\"><div class=\"uvc-heading-spacer no_spacer\" style=\"top\"><\/div><div class=\"uvc-main-heading ult-responsive\"  data-ultimate-target='.uvc-heading.ultimate-heading-546269ef89eb7ebfe h2'  data-responsive-json-new='{\"font-size\":\"desktop:22px;\",\"line-height\":\"\"}' ><h2 style=\"font-weight:bold;margin-top:150px;margin-bottom:15px;\">\u0421\u041e\u0417\u0414\u0410\u0415\u041c \u041a\u0420\u0410\u0421\u041e\u0427\u041d\u041e\u0415 \u0416\u0418\u041b\u042c\u0415<\/h2><\/div><div class=\"uvc-sub-heading ult-responsive\"  data-ultimate-target='.uvc-heading.ultimate-heading-546269ef89eb7ebfe .uvc-sub-heading '  data-responsive-json-new='{\"font-size\":\"\",\"line-height\":\"\"}'  style=\"font-weight:normal;\">\u0411\u043b\u0430\u0433\u043e\u0434\u0430\u0440\u044f \u0437\u0430\u0432\u043e\u0435\u0432\u0430\u043d\u043d\u043e\u043c\u0443 \u0434\u043e\u0432\u0435\u0440\u0438\u044e \u0441\u0432\u043e\u0438\u0445 \u043a\u043b\u0438\u0435\u043d\u0442\u043e\u0432 \u043a\u043e\u043c\u043f\u0430\u043d\u0438\u044f \u00d6zg\u00fcntur \u0130n\u015faat \u043d\u0435 \u043f\u0435\u0440\u0435\u0441\u0442\u0430\u0432\u0430\u043b\u0430 \u0440\u0430\u0431\u043e\u0442\u0430\u0442\u044c \u0434\u0430\u0436\u0435 \u0432\u043e \u0432\u0440\u0435\u043c\u044f \u043a\u0440\u0438\u0437\u0438\u0441\u043e\u0432 \u0438 \u0441\u0435\u0439\u0447\u0430\u0441 \u043f\u0440\u043e\u0434\u043e\u043b\u0436\u0430\u0435\u0442 \u0441\u043e\u0437\u0434\u0430\u0432\u0430\u0442\u044c \u0441\u043e\u0432\u0440\u0435\u043c\u0435\u043d\u043d\u043e\u0435, \u0443\u0434\u043e\u0431\u043d\u043e\u0435 \u0438 \u043a\u0440\u0430\u0441\u0438\u0432\u043e\u0435 \u0436\u0438\u043b\u044c\u0435.<\/div><\/div>[\/vc_column][\/vc_row]<\/p>\n","protected":false},"excerpt":{"rendered":"<p>[vc_row][vc_column width=&#187;1\/6&#8243;][\/vc_column][vc_column width=&#187;2\/3&#8243;][\/vc_column][vc_column width=&#187;1\/6&#8243;][\/vc_column][\/vc_row][vc_row][vc_column][vc_empty_space][vc_single_image image=&#187;3827&#8243; img_size=&#187;full&#187; alignment=&#187;center&#187;][\/vc_column][\/vc_row][vc_row][vc_column width=&#187;1\/2&#8243;][\/vc_column][vc_column width=&#187;1\/2&#8243;][vc_single_image image=&#187;1580&#8243; img_size=&#187;full&#187; alignment=&#187;center&#187;][\/vc_column][\/vc_row][vc_row][vc_column width=&#187;1\/2&#8243;][vc_single_image image=&#187;1577&#8243; img_size=&#187;full&#187; alignment=&#187;center&#187;][\/vc_column][vc_column width=&#187;1\/2&#8243;][\/vc_column][\/vc_row]<\/p>\n","protected":false},"author":1,"featured_media":0,"parent":0,"menu_order":0,"comment_status":"closed","ping_status":"closed","template":"","meta":[],"_links":{"self":[{"href":"https:\/\/ozguntur.com.tr\/ru\/wp-json\/wp\/v2\/pages\/3437"}],"collection":[{"href":"https:\/\/ozguntur.com.tr\/ru\/wp-json\/wp\/v2\/pages"}],"about":[{"href":"https:\/\/ozguntur.com.tr\/ru\/wp-json\/wp\/v2\/types\/page"}],"author":[{"embeddable":true,"href":"https:\/\/ozguntur.com.tr\/ru\/wp-json\/wp\/v2\/users\/1"}],"replies":[{"embeddable":true,"href":"https:\/\/ozguntur.com.tr\/ru\/wp-json\/wp\/v2\/comments?post=3437"}],"version-history":[{"count":4,"href":"https:\/\/ozguntur.com.tr\/ru\/wp-json\/wp\/v2\/pages\/3437\/revisions"}],"predecessor-version":[{"id":3832,"href":"https:\/\/ozguntur.com.tr\/ru\/wp-json\/wp\/v2\/pages\/3437\/revisions\/3832"}],"wp:attachment":[{"href":"https:\/\/ozguntur.com.tr\/ru\/wp-json\/wp\/v2\/media?parent=3437"}],"curies":[{"name":"wp","href":"https:\/\/api.w.org\/{rel}","templated":true}]}}