{"id":3445,"date":"2019-02-13T13:23:08","date_gmt":"2019-02-13T10:23:08","guid":{"rendered":"http:\/\/ozguntur.com.tr\/farkimiz\/"},"modified":"2019-04-30T14:22:24","modified_gmt":"2019-04-30T11:22:24","slug":"farkimiz","status":"publish","type":"page","link":"https:\/\/ozguntur.com.tr\/ru\/farkimiz\/","title":{"rendered":"\u041e\u0421\u041e\u0411\u0415\u041d\u041d\u041e\u0421\u0422\u0418"},"content":{"rendered":"<p>[vc_row][vc_column width=&#187;1\/6&#8243;][\/vc_column][vc_column width=&#187;2\/3&#8243;]<div id=\"ultimate-heading-17769ef89ed946ea\" class=\"uvc-heading ult-adjust-bottom-margin ultimate-heading-17769ef89ed946ea uvc-4172 \" data-hspacer=\"no_spacer\"  data-halign=\"center\" style=\"text-align:center\"><div class=\"uvc-heading-spacer no_spacer\" style=\"top\"><\/div><div class=\"uvc-main-heading ult-responsive\"  data-ultimate-target='.uvc-heading.ultimate-heading-17769ef89ed946ea h2'  data-responsive-json-new='{\"font-size\":\"desktop:22px;\",\"line-height\":\"\"}' ><h2 style=\"font-weight:bold;margin-bottom:15px;\">\u041d\u0410\u0428\u0410 \u0418\u041d\u041d\u041e\u0412\u0410\u0426\u0418\u041e\u041d\u041d\u0410\u042f \u0412\u041d\u0415\u0428\u041d\u0418\u0419 \u0412\u0418\u0414<\/h2><\/div><div class=\"uvc-sub-heading ult-responsive\"  data-ultimate-target='.uvc-heading.ultimate-heading-17769ef89ed946ea .uvc-sub-heading '  data-responsive-json-new='{\"font-size\":\"\",\"line-height\":\"\"}'  style=\"font-weight:normal;\">\u041c\u044b \u0441\u0447\u0438\u0442\u0430\u0435\u043c, \u0447\u0442\u043e \u043c\u044b \u043c\u043e\u0436\u0435\u043c \u043d\u0430\u0439\u0442\u0438 \u0440\u0430\u0437\u0443\u043c\u043d\u044b\u0435 \u0440\u0435\u0448\u0435\u043d\u0438\u044f \u0434\u043b\u044f \u043a\u0430\u0436\u0434\u043e\u0433\u043e \u0436\u0435\u043b\u0430\u043d\u0438\u044f \u043d\u0430\u0448\u0438\u0445 \u043a\u043b\u0438\u0435\u043d\u0442\u043e\u0432. \u041c\u044b \u0434\u043e\u0441\u0442\u0438\u0433\u043b\u0438 \u0443\u0434\u043e\u0432\u043b\u0435\u0442\u0432\u043e\u0440\u0435\u043d\u043d\u043e\u0441\u0442\u0438 \u043a\u043b\u0438\u0435\u043d\u0442\u043e\u0432 \u0432 \u0437\u043d\u0430\u0447\u0438\u0442\u0435\u043b\u044c\u043d\u043e\u0439 \u0441\u0442\u0435\u043f\u0435\u043d\u0438, \u0438 \u043c\u044b \u0432\u0441\u0435\u0433\u0434\u0430 \u0441\u0442\u0440\u0435\u043c\u0438\u043b\u0438\u0441\u044c \u043f\u043e\u0432\u044b\u0441\u0438\u0442\u044c \u0435\u0435. \u0414\u043b\u044f \u044d\u0442\u043e\u0433\u043e \u043c\u044b \u0438\u0437\u0443\u0447\u0430\u0435\u043c \u0437\u0430\u043f\u0440\u043e\u0441\u044b \u0438 \u043f\u0440\u0435\u0434\u043b\u043e\u0436\u0435\u043d\u0438\u044f \u043a\u043b\u0438\u0435\u043d\u0442\u043e\u0432 \u043d\u0430 \u043a\u0430\u0436\u0434\u043e\u043c \u044d\u0442\u0430\u043f\u0435 \u043f\u0440\u043e\u0435\u043a\u0442\u043e\u0432.<\/div><\/div>[\/vc_column][vc_column width=&#187;1\/6&#8243;][\/vc_column][\/vc_row][vc_row][vc_column][vc_empty_space][vc_single_image image=&#187;1586&#8243; img_size=&#187;full&#187; alignment=&#187;center&#187;][\/vc_column][\/vc_row][vc_row][vc_column width=&#187;1\/5&#8243;]<div class=\"aio-icon-component    style_1\"><div id=\"Info-box-wrap-1120\" class=\"aio-icon-box top-icon\" style=\"\"  ><div class=\"aio-icon-top\"><div class=\"ult-just-icon-wrapper  \"><div class=\"align-icon\" style=\"text-align:center;\">\n<div class=\"aio-icon-img \" style=\"font-size:100px;display:inline-block;\" >\n\t<img class=\"img-icon\" alt=\"null\" src=\"https:\/\/ozguntur.com.tr\/wp-content\/uploads\/2019\/02\/u\u0308cretsiz-servis-ikon.png\"\/>\n<\/div><\/div><\/div><\/div><div class=\"aio-icon-header\" ><h3 class=\"aio-icon-title ult-responsive\"  data-ultimate-target='#Info-box-wrap-1120 .aio-icon-title'  data-responsive-json-new='{\"font-size\":\"\",\"line-height\":\"\"}'  style=\"\">\u0411\u0415\u0421\u041f\u041b\u0410\u0422\u041d\u041e\u0415 \u041e\u0411\u0421\u041b\u0423\u0416\u0418\u0412\u0410\u041d\u0418\u0415<\/h3><\/div> <!-- header --><div class=\"aio-icon-description ult-responsive\"  data-ultimate-target='#Info-box-wrap-1120 .aio-icon-description'  data-responsive-json-new='{\"font-size\":\"\",\"line-height\":\"\"}'  style=\"\">\u041c\u044b \u043f\u0440\u0435\u0434\u0441\u0442\u0430\u0432\u043b\u044f\u0435\u043c \u0431\u0435\u0441\u043f\u043b\u0430\u0442\u043d\u043e\u0435 \u043e\u0431\u0441\u043b\u0443\u0436\u0438\u0432\u0430\u043d\u0438\u0435 \u0432 \u0442\u0435\u0447\u0435\u043d\u0438\u0435 2-\u0445 \u043b\u0435\u0442 \u0432 \u0441\u043b\u0443\u0447\u0430\u0435 \u043f\u043e\u043b\u043e\u043c\u043e\u043a \u0438 \u0441\u0431\u043e\u0435\u0432 \u0432 \u0440\u0430\u0431\u043e\u0442\u0435, \u0430 \u0442\u0430\u043a\u0436\u0435 \u0431\u0435\u0441\u0441\u0440\u043e\u0447\u043d\u043e\u0435 \u043e\u0431\u0441\u043b\u0443\u0436\u0438\u0432\u0430\u043d\u0438\u0435 \u0432 \u0441\u043b\u0443\u0447\u0430\u0435 \u043f\u043e\u043b\u0443\u0447\u0435\u043d\u0438\u044f \u043e\u043f\u043b\u0430\u0442\u044b \u0437\u0430 \u0443\u0441\u043b\u0443\u0433\u0438.<\/div> <!-- description --><\/div> <!-- aio-icon-box --><\/div> <!-- aio-icon-component -->[\/vc_column][vc_column width=&#187;1\/5&#8243;][\/vc_column][vc_column width=&#187;1\/5&#8243;]<div class=\"aio-icon-component    style_1\"><div id=\"Info-box-wrap-4722\" class=\"aio-icon-box top-icon\" style=\"\"  ><div class=\"aio-icon-top\"><div class=\"ult-just-icon-wrapper  \"><div class=\"align-icon\" style=\"text-align:center;\">\n<div class=\"aio-icon-img \" style=\"font-size:100px;display:inline-block;\" >\n\t<img class=\"img-icon\" alt=\"null\" src=\"https:\/\/ozguntur.com.tr\/wp-content\/uploads\/2019\/02\/nitelikli-komplex-ikon.png\"\/>\n<\/div><\/div><\/div><\/div><div class=\"aio-icon-header\" ><h3 class=\"aio-icon-title ult-responsive\"  data-ultimate-target='#Info-box-wrap-4722 .aio-icon-title'  data-responsive-json-new='{\"font-size\":\"\",\"line-height\":\"\"}'  style=\"\">\u041a\u0412\u0410\u041b\u0418\u0424\u0418\u0426\u0418\u0420\u041e\u0412\u0410\u041d\u041d\u041e\u0415 \u041a\u041e\u041c\u041f\u041b\u0415\u041a\u0421\u041d\u041e\u0415 \u0421\u0422\u0420\u041e\u0418\u0422\u0415\u041b\u042c\u0421\u0422\u0412\u041e<\/h3><\/div> <!-- header --><div class=\"aio-icon-description ult-responsive\"  data-ultimate-target='#Info-box-wrap-4722 .aio-icon-description'  data-responsive-json-new='{\"font-size\":\"\",\"line-height\":\"\"}'  style=\"\">\u041c\u044b \u0442\u0449\u0430\u0442\u0435\u043b\u044c\u043d\u043e \u0432\u044b\u043f\u043e\u043b\u043d\u044f\u0435\u043c \u0442\u0440\u0435\u0431\u043e\u0432\u0430\u043d\u0438\u044f \u0441\u043e\u0432\u0440\u0435\u043c\u0435\u043d\u043d\u044b\u0445 \u0443\u0441\u043b\u043e\u0432\u0438\u0439 \u0441\u0442\u0440\u043e\u0438\u0442\u0435\u043b\u044c\u0441\u0442\u0432\u0430 \u0438 \u043d\u0435 \u0438\u0434\u0435\u043c \u043d\u0430 \u043a\u043e\u043c\u043f\u0440\u043e\u043c\u0438\u0441\u0441 \u0432 \u0441\u043e\u0437\u0434\u0430\u043d\u0438\u0438 \u0431\u0435\u0437\u043e\u043f\u0430\u0441\u043d\u044b\u0445, \u043f\u0440\u0438\u0433\u043e\u0434\u043d\u044b\u0445 \u0434\u043b\u044f \u0436\u0438\u0437\u043d\u0438 \u0438 \u043a\u043e\u043c\u0444\u043e\u0440\u0442\u043d\u044b\u0445 \u0436\u0438\u043b\u044b\u0445 \u043f\u043e\u043c\u0435\u0449\u0435\u043d\u0438\u0439 \u0434\u043b\u044f \u0434\u0435\u0442\u0435\u0439 \u0438 \u0438\u0445 \u0441\u0435\u043c\u0435\u0439.<\/div> <!-- description --><\/div> <!-- aio-icon-box --><\/div> <!-- aio-icon-component -->[\/vc_column][vc_column width=&#187;1\/5&#8243;][\/vc_column][vc_column width=&#187;1\/5&#8243;]<div class=\"aio-icon-component    style_1\"><div id=\"Info-box-wrap-8065\" class=\"aio-icon-box top-icon\" style=\"\"  ><div class=\"aio-icon-top\"><div class=\"ult-just-icon-wrapper  \"><div class=\"align-icon\" style=\"text-align:center;\">\n<div class=\"aio-icon-img \" style=\"font-size:100px;display:inline-block;\" >\n\t<img class=\"img-icon\" alt=\"null\" src=\"https:\/\/ozguntur.com.tr\/wp-content\/uploads\/2019\/02\/detayl\u0131-projelendirme-ikon.png\"\/>\n<\/div><\/div><\/div><\/div><div class=\"aio-icon-header\" ><h3 class=\"aio-icon-title ult-responsive\"  data-ultimate-target='#Info-box-wrap-8065 .aio-icon-title'  data-responsive-json-new='{\"font-size\":\"\",\"line-height\":\"\"}'  style=\"\">\u0422\u0429\u0410\u0422\u0415\u041b\u042c\u041d\u041e\u0415 \u041f\u041b\u0410\u041d\u0418\u0420\u041e\u0412\u0410\u041d\u0418\u0415<\/h3><\/div> <!-- header --><div class=\"aio-icon-description ult-responsive\"  data-ultimate-target='#Info-box-wrap-8065 .aio-icon-description'  data-responsive-json-new='{\"font-size\":\"\",\"line-height\":\"\"}'  style=\"\">\u041c\u044b \u0441\u0442\u0440\u0435\u043c\u0438\u043c\u0441\u044f \u0443\u0434\u043e\u0432\u043b\u0435\u0442\u0432\u043e\u0440\u0438\u0442\u044c \u043b\u044e\u0431\u044b\u0435 \u0432\u043a\u0443\u0441\u044b \u0438 \u043f\u043e\u0442\u0440\u0435\u0431\u043d\u043e\u0441\u0442\u0438 \u043d\u0430\u0448\u0438\u0445 \u0437\u0430\u043a\u0430\u0437\u0447\u0438\u043a\u043e\u0432 \u0438 \u0441\u043e\u0437\u0434\u0430\u0435\u043c \u043f\u043e\u043c\u0435\u0449\u0435\u043d\u0438\u044f \u0441 \u043d\u0430\u0438\u0431\u043e\u043b\u0435\u0435 \u0443\u0434\u043e\u0431\u043d\u043e\u0439 \u0432\u043d\u0443\u0442\u0440\u0435\u043d\u043d\u0435\u0439 \u0438 \u0432\u043d\u0435\u0448\u043d\u0435\u0439 \u043f\u043b\u0430\u043d\u0438\u0440\u043e\u0432\u043a\u043e\u0439.<\/div> <!-- description --><\/div> <!-- aio-icon-box --><\/div> <!-- aio-icon-component -->[\/vc_column][\/vc_row][vc_row][vc_column width=&#187;1\/5&#8243;][\/vc_column][vc_column width=&#187;1\/5&#8243;]<div class=\"aio-icon-component    style_1\"><div id=\"Info-box-wrap-2982\" class=\"aio-icon-box top-icon\" style=\"\"  ><div class=\"aio-icon-top\"><div class=\"ult-just-icon-wrapper  \"><div class=\"align-icon\" style=\"text-align:center;\">\n<div class=\"aio-icon-img \" style=\"font-size:100px;display:inline-block;\" >\n\t<img class=\"img-icon\" alt=\"null\" src=\"https:\/\/ozguntur.com.tr\/wp-content\/uploads\/2019\/02\/mu\u0308s\u0327teri-odakl\u0131l\u0131k.png\"\/>\n<\/div><\/div><\/div><\/div><div class=\"aio-icon-header\" ><h3 class=\"aio-icon-title ult-responsive\"  data-ultimate-target='#Info-box-wrap-2982 .aio-icon-title'  data-responsive-json-new='{\"font-size\":\"\",\"line-height\":\"\"}'  style=\"\">\u041e\u0420\u0418\u0415\u041d\u0422\u0410\u0426\u0418\u042f \u041d\u0410 \u041a\u041b\u0418\u0415\u041d\u0422\u0410<\/h3><\/div> <!-- header --><div class=\"aio-icon-description ult-responsive\"  data-ultimate-target='#Info-box-wrap-2982 .aio-icon-description'  data-responsive-json-new='{\"font-size\":\"\",\"line-height\":\"\"}'  style=\"\">\u041c\u044b \u0443\u0431\u0435\u0436\u0434\u0435\u043d\u044b, \u0447\u0442\u043e \u043a\u0430\u0436\u0434\u043e\u0435 \u0436\u0435\u043b\u0430\u043d\u0438\u0435 \u043d\u0430\u0448\u0438\u0445 \u0437\u0430\u043a\u0430\u0437\u0447\u0438\u043a\u043e\u0432 \u043c\u043e\u0436\u0435\u0442 \u0431\u044b\u0442\u044c \u0443\u0434\u043e\u0432\u043b\u0435\u0442\u0432\u043e\u0440\u0435\u043d\u043e \u0441 \u043f\u043e\u043c\u043e\u0449\u044c\u044e \u0440\u0430\u0437\u0443\u043c\u043d\u044b\u0445 \u0440\u0435\u0448\u0435\u043d\u0438\u0439. \u041d\u0430\u0448\u0438\u043c \u0437\u043d\u0430\u0447\u0438\u0442\u0435\u043b\u044c\u043d\u044b\u043c \u0434\u043e\u0441\u0442\u0438\u0436\u0435\u043d\u0438\u0435\u043c \u044f\u0432\u043b\u044f\u0435\u0442\u0441\u044f \u0432\u044b\u0441\u043e\u043a\u0438\u0439 \u0443\u0440\u043e\u0432\u0435\u043d\u044c \u0443\u0434\u043e\u0432\u043b\u0435\u0442\u0432\u043e\u0440\u0435\u043d\u043d\u043e\u0441\u0442\u0438 \u043a\u043b\u0438\u0435\u043d\u0442\u043e\u0432, \u0438 \u043c\u044b \u0432\u0441\u0435\u0433\u0434\u0430 \u0441\u0442\u0440\u0435\u043c\u0438\u043c\u0441\u044f \u043a \u043f\u043e\u0432\u044b\u0448\u0435\u043d\u0438\u044e \u044d\u0442\u043e\u0433\u043e \u043f\u043e\u043a\u0430\u0437\u0430\u0442\u0435\u043b\u044f \u0432 \u043d\u0430\u0448\u0435\u0439 \u0440\u0430\u0431\u043e\u0442\u0435. \u0414\u043b\u044f \u044d\u0442\u043e\u0433\u043e \u043c\u044b \u0432\u043d\u0438\u043c\u0430\u0442\u0435\u043b\u044c\u043d\u043e \u0438\u0437\u0443\u0447\u0430\u0435\u043c \u0437\u0430\u043f\u0440\u043e\u0441\u044b \u0438 \u043f\u0440\u0435\u0434\u043b\u043e\u0436\u0435\u043d\u0438\u044f \u043a\u043b\u0438\u0435\u043d\u0442\u043e\u0432 \u043d\u0430 \u043a\u0430\u0436\u0434\u043e\u043c \u044d\u0442\u0430\u043f\u0435 \u043f\u043e\u0434\u0433\u043e\u0442\u043e\u0432\u043a\u0438 \u0438 \u0440\u0435\u0430\u043b\u0438\u0437\u0430\u0446\u0438\u0438 \u043f\u0440\u043e\u0435\u043a\u0442\u0430.<\/div> <!-- description --><\/div> <!-- aio-icon-box --><\/div> <!-- aio-icon-component -->[\/vc_column][vc_column width=&#187;1\/5&#8243;][\/vc_column][vc_column width=&#187;1\/5&#8243;]<div class=\"aio-icon-component    style_1\"><div id=\"Info-box-wrap-8481\" class=\"aio-icon-box top-icon\" style=\"\"  ><div class=\"aio-icon-top\"><div class=\"ult-just-icon-wrapper  \"><div class=\"align-icon\" style=\"text-align:center;\">\n<div class=\"aio-icon-img \" style=\"font-size:100px;display:inline-block;\" >\n\t<img class=\"img-icon\" alt=\"null\" src=\"https:\/\/ozguntur.com.tr\/wp-content\/uploads\/2019\/02\/teknolojiye-uyum.png\"\/>\n<\/div><\/div><\/div><\/div><div class=\"aio-icon-header\" ><h3 class=\"aio-icon-title ult-responsive\"  data-ultimate-target='#Info-box-wrap-8481 .aio-icon-title'  data-responsive-json-new='{\"font-size\":\"\",\"line-height\":\"\"}'  style=\"\">\u0418\u0421\u041f\u041e\u041b\u042c\u0417\u041e\u0412\u0410\u041d\u0418\u0415 \u041d\u041e\u0412\u042b\u0425 \u0422\u0415\u0425\u041d\u041e\u041b\u041e\u0413\u0418\u0419<\/h3><\/div> <!-- header --><div class=\"aio-icon-description ult-responsive\"  data-ultimate-target='#Info-box-wrap-8481 .aio-icon-description'  data-responsive-json-new='{\"font-size\":\"\",\"line-height\":\"\"}'  style=\"\">\u041a\u043e\u043c\u043f\u0430\u043d\u0438\u044f \u00d6zg\u00fcntur \u0130n\u015faat \u0432\u043d\u0435\u0434\u0440\u044f\u0435\u0442 \u043d\u043e\u0432\u044b\u0435 \u0442\u0435\u0445\u043d\u043e\u043b\u043e\u0433\u0438\u0438 \u0432 \u043a\u0430\u0436\u0434\u044b\u0439 \u0441\u0432\u043e\u0439 \u043f\u0440\u043e\u0435\u043a\u0442. \u041c\u044b \u0442\u0449\u0430\u0442\u0435\u043b\u044c\u043d\u043e \u0438\u0441\u0441\u043b\u0435\u0434\u0443\u0435\u043c \u0440\u044b\u043d\u043e\u043a \u0438\u043d\u043d\u043e\u0432\u0430\u0446\u0438\u0439 \u0438 \u0430\u043a\u0442\u0438\u0432\u043d\u043e \u0443\u0447\u0430\u0441\u0442\u0432\u0443\u0435\u043c \u0432 \u043e\u0442\u0435\u0447\u0435\u0441\u0442\u0432\u0435\u043d\u043d\u044b\u0445 \u0438 \u043c\u0435\u0436\u0434\u0443\u043d\u0430\u0440\u043e\u0434\u043d\u044b\u0445 \u0432\u044b\u0441\u0442\u0430\u0432\u043a\u0430\u0445, \u0447\u0442\u043e \u043f\u043e\u043c\u043e\u0433\u0430\u0435\u0442 \u043d\u0430\u043c \u0443\u0441\u043f\u0435\u0448\u043d\u043e \u0438\u0441\u043f\u043e\u043b\u044c\u0437\u043e\u0432\u0430\u0442\u044c \u043d\u043e\u0432\u044b\u0435 \u0442\u0435\u0445\u043d\u043e\u043b\u043e\u0433\u0438\u0438 \u0438 \u043c\u0430\u0442\u0435\u0440\u0438\u0430\u043b\u044b.<\/div> <!-- description --><\/div> <!-- aio-icon-box --><\/div> <!-- aio-icon-component -->[\/vc_column][vc_column width=&#187;1\/5&#8243;][\/vc_column][\/vc_row]<\/p>\n","protected":false},"excerpt":{"rendered":"<p>[vc_row][vc_column width=&#187;1\/6&#8243;][\/vc_column][vc_column width=&#187;2\/3&#8243;][\/vc_column][vc_column width=&#187;1\/6&#8243;][\/vc_column][\/vc_row][vc_row][vc_column][vc_empty_space][vc_single_image image=&#187;1586&#8243; img_size=&#187;full&#187; alignment=&#187;center&#187;][\/vc_column][\/vc_row][vc_row][vc_column width=&#187;1\/5&#8243;][\/vc_column][vc_column width=&#187;1\/5&#8243;][\/vc_column][vc_column width=&#187;1\/5&#8243;][\/vc_column][vc_column width=&#187;1\/5&#8243;][\/vc_column][vc_column width=&#187;1\/5&#8243;][\/vc_column][\/vc_row][vc_row][vc_column width=&#187;1\/5&#8243;][\/vc_column][vc_column width=&#187;1\/5&#8243;][\/vc_column][vc_column width=&#187;1\/5&#8243;][\/vc_column][vc_column width=&#187;1\/5&#8243;][\/vc_column][vc_column width=&#187;1\/5&#8243;][\/vc_column][\/vc_row]<\/p>\n","protected":false},"author":1,"featured_media":0,"parent":0,"menu_order":0,"comment_status":"closed","ping_status":"closed","template":"","meta":[],"_links":{"self":[{"href":"https:\/\/ozguntur.com.tr\/ru\/wp-json\/wp\/v2\/pages\/3445"}],"collection":[{"href":"https:\/\/ozguntur.com.tr\/ru\/wp-json\/wp\/v2\/pages"}],"about":[{"href":"https:\/\/ozguntur.com.tr\/ru\/wp-json\/wp\/v2\/types\/page"}],"author":[{"embeddable":true,"href":"https:\/\/ozguntur.com.tr\/ru\/wp-json\/wp\/v2\/users\/1"}],"replies":[{"embeddable":true,"href":"https:\/\/ozguntur.com.tr\/ru\/wp-json\/wp\/v2\/comments?post=3445"}],"version-history":[{"count":3,"href":"https:\/\/ozguntur.com.tr\/ru\/wp-json\/wp\/v2\/pages\/3445\/revisions"}],"predecessor-version":[{"id":3651,"href":"https:\/\/ozguntur.com.tr\/ru\/wp-json\/wp\/v2\/pages\/3445\/revisions\/3651"}],"wp:attachment":[{"href":"https:\/\/ozguntur.com.tr\/ru\/wp-json\/wp\/v2\/media?parent=3445"}],"curies":[{"name":"wp","href":"https:\/\/api.w.org\/{rel}","templated":true}]}}