{"id":3461,"date":"2019-02-13T14:08:06","date_gmt":"2019-02-13T11:08:06","guid":{"rendered":"http:\/\/ozguntur.com.tr\/iletisim\/"},"modified":"2025-05-28T22:49:03","modified_gmt":"2025-05-28T19:49:03","slug":"iletisim","status":"publish","type":"page","link":"https:\/\/ozguntur.com.tr\/ru\/iletisim\/","title":{"rendered":"\u041a\u041e\u041d\u0422\u0410\u041a\u0422\u042b"},"content":{"rendered":"<p>[vc_row][vc_column width=&#187;1\/2&#8243;]<div id=\"ultimate-heading-637369ef8a2252f59\" class=\"uvc-heading ult-adjust-bottom-margin ultimate-heading-637369ef8a2252f59 uvc-1524 \" data-hspacer=\"no_spacer\"  data-halign=\"left\" style=\"text-align:left\"><div class=\"uvc-heading-spacer no_spacer\" style=\"top\"><\/div><div class=\"uvc-main-heading ult-responsive\"  data-ultimate-target='.uvc-heading.ultimate-heading-637369ef8a2252f59 h2'  data-responsive-json-new='{\"font-size\":\"desktop:20px;\",\"line-height\":\"\"}' ><h2 style=\"font-weight:bold;\">\u00d6zg\u00fcntur \u00d6zel E\u011fitim \u0130n\u015faat Taahh\u00fct Turizm Ticaret A.\u015e.<\/h2><\/div><\/div><div id=\"ultimate-heading-237869ef8a2252fd7\" class=\"uvc-heading ult-adjust-bottom-margin ultimate-heading-237869ef8a2252fd7 uvc-4359 \" data-hspacer=\"no_spacer\"  data-halign=\"left\" style=\"text-align:left\"><div class=\"uvc-heading-spacer no_spacer\" style=\"top\"><\/div><div class=\"uvc-main-heading ult-responsive\"  data-ultimate-target='.uvc-heading.ultimate-heading-237869ef8a2252fd7 h2'  data-responsive-json-new='{\"font-size\":\"desktop:20px;\",\"line-height\":\"desktop:22px;\"}' ><h2 style=\"font-weight:bold;margin-top:25px;margin-bottom:10px;\">\u041e\u0424\u0418\u0421 \u041f\u0420\u041e\u0414\u0410\u0416<\/h2><\/div><div class=\"uvc-sub-heading ult-responsive\"  data-ultimate-target='.uvc-heading.ultimate-heading-237869ef8a2252fd7 .uvc-sub-heading '  data-responsive-json-new='{\"font-size\":\"\",\"line-height\":\"\"}'  style=\"font-weight:normal;\">+90 242 255 06 94<\/div><\/div><div id=\"ultimate-heading-436869ef8a2253028\" class=\"uvc-heading ult-adjust-bottom-margin ultimate-heading-436869ef8a2253028 uvc-3940 \" data-hspacer=\"no_spacer\"  data-halign=\"left\" style=\"text-align:left\"><div class=\"uvc-heading-spacer no_spacer\" style=\"top\"><\/div><div class=\"uvc-main-heading ult-responsive\"  data-ultimate-target='.uvc-heading.ultimate-heading-436869ef8a2253028 h2'  data-responsive-json-new='{\"font-size\":\"desktop:20px;\",\"line-height\":\"desktop:22px;\"}' ><h2 style=\"font-weight:bold;margin-top:25px;margin-bottom:10px;\">\u042d\u041b. \u041f\u041e\u0427\u0422\u0410<\/h2><\/div><div class=\"uvc-sub-heading ult-responsive\"  data-ultimate-target='.uvc-heading.ultimate-heading-436869ef8a2253028 .uvc-sub-heading '  data-responsive-json-new='{\"font-size\":\"\",\"line-height\":\"\"}'  style=\"font-weight:normal;\">info@ozguntur.com.tr<\/div><\/div><div id=\"ultimate-heading-477869ef8a225307e\" class=\"uvc-heading ult-adjust-bottom-margin ultimate-heading-477869ef8a225307e uvc-5134 \" data-hspacer=\"no_spacer\"  data-halign=\"left\" style=\"text-align:left\"><div class=\"uvc-heading-spacer no_spacer\" style=\"top\"><\/div><div class=\"uvc-main-heading ult-responsive\"  data-ultimate-target='.uvc-heading.ultimate-heading-477869ef8a225307e h2'  data-responsive-json-new='{\"font-size\":\"desktop:20px;\",\"line-height\":\"desktop:22px;\"}' ><h2 style=\"font-weight:bold;margin-top:25px;margin-bottom:10px;\">\u0410\u0414\u0420\u0415\u0421<\/h2><\/div><div class=\"uvc-sub-heading ult-responsive\"  data-ultimate-target='.uvc-heading.ultimate-heading-477869ef8a225307e .uvc-sub-heading '  data-responsive-json-new='{\"font-size\":\"\",\"line-height\":\"\"}'  style=\"font-weight:normal;\">\u00c7a\u011flayan Mahallesi Fener Caddesi Erdo\u011fan \u0130\u015f Merkezi 12\/B Muratpa\u015fa\/Antalya<\/div><\/div>[\/vc_column][vc_column width=&#187;1\/2&#8243;][vc_gmaps link=&#187;#E-8_JTNDaWZyYW1lJTIwc3JjJTNEJTIyaHR0cHMlM0ElMkYlMkZ3d3cuZ29vZ2xlLmNvbSUyRm1hcHMlMkZlbWJlZCUzRnBiJTNEJTIxMW0xOCUyMTFtMTIlMjExbTMlMjExZDMxOTIuNjI4NjQ5MDg3MzIyNiUyMTJkMzAuNzY1MDU1OTE1NzczMjc0JTIxM2QzNi44NTEzNjg3Nzk5MzgwOCUyMTJtMyUyMTFmMCUyMTJmMCUyMTNmMCUyMTNtMiUyMTFpMTAyNCUyMTJpNzY4JTIxNGYxMy4xJTIxM20zJTIxMW0yJTIxMXMweDE0YzM5YWNhMWE0OWRkNTclMjUzQTB4NjEzNzhlYzQ3OTEzNDE1MiUyMTJ6dzVaNlo4TzhiblIxY2lCSmJzV2ZZV0YwJTIxNWUwJTIxM20yJTIxMXN0ciUyMTJzdHIlMjE0djE1NTAwNTYyNTc1NTIlMjIlMjB3aWR0aCUzRCUyMjYwMCUyMiUyMGhlaWdodCUzRCUyMjQ1MCUyMiUyMGZyYW1lYm9yZGVyJTNEJTIyMCUyMiUyMHN0eWxlJTNEJTIyYm9yZGVyJTNBMCUyMiUyMGFsbG93ZnVsbHNjcmVlbiUzRSUzQyUyRmlmcmFtZSUzRQ==&#187;][\/vc_column][\/vc_row]<\/p>\n","protected":false},"excerpt":{"rendered":"<p>[vc_row][vc_column width=&#187;1\/2&#8243;][\/vc_column][vc_column width=&#187;1\/2&#8243;][vc_gmaps link=&#187;#E-8_JTNDaWZyYW1lJTIwc3JjJTNEJTIyaHR0cHMlM0ElMkYlMkZ3d3cuZ29vZ2xlLmNvbSUyRm1hcHMlMkZlbWJlZCUzRnBiJTNEJTIxMW0xOCUyMTFtMTIlMjExbTMlMjExZDMxOTIuNjI4NjQ5MDg3MzIyNiUyMTJkMzAuNzY1MDU1OTE1NzczMjc0JTIxM2QzNi44NTEzNjg3Nzk5MzgwOCUyMTJtMyUyMTFmMCUyMTJmMCUyMTNmMCUyMTNtMiUyMTFpMTAyNCUyMTJpNzY4JTIxNGYxMy4xJTIxM20zJTIxMW0yJTIxMXMweDE0YzM5YWNhMWE0OWRkNTclMjUzQTB4NjEzNzhlYzQ3OTEzNDE1MiUyMTJ6dzVaNlo4TzhiblIxY2lCSmJzV2ZZV0YwJTIxNWUwJTIxM20yJTIxMXN0ciUyMTJzdHIlMjE0djE1NTAwNTYyNTc1NTIlMjIlMjB3aWR0aCUzRCUyMjYwMCUyMiUyMGhlaWdodCUzRCUyMjQ1MCUyMiUyMGZyYW1lYm9yZGVyJTNEJTIyMCUyMiUyMHN0eWxlJTNEJTIyYm9yZGVyJTNBMCUyMiUyMGFsbG93ZnVsbHNjcmVlbiUzRSUzQyUyRmlmcmFtZSUzRQ==&#187;][\/vc_column][\/vc_row]<\/p>\n","protected":false},"author":1,"featured_media":0,"parent":0,"menu_order":0,"comment_status":"closed","ping_status":"closed","template":"","meta":[],"_links":{"self":[{"href":"https:\/\/ozguntur.com.tr\/ru\/wp-json\/wp\/v2\/pages\/3461"}],"collection":[{"href":"https:\/\/ozguntur.com.tr\/ru\/wp-json\/wp\/v2\/pages"}],"about":[{"href":"https:\/\/ozguntur.com.tr\/ru\/wp-json\/wp\/v2\/types\/page"}],"author":[{"embeddable":true,"href":"https:\/\/ozguntur.com.tr\/ru\/wp-json\/wp\/v2\/users\/1"}],"replies":[{"embeddable":true,"href":"https:\/\/ozguntur.com.tr\/ru\/wp-json\/wp\/v2\/comments?post=3461"}],"version-history":[{"count":5,"href":"https:\/\/ozguntur.com.tr\/ru\/wp-json\/wp\/v2\/pages\/3461\/revisions"}],"predecessor-version":[{"id":9246,"href":"https:\/\/ozguntur.com.tr\/ru\/wp-json\/wp\/v2\/pages\/3461\/revisions\/9246"}],"wp:attachment":[{"href":"https:\/\/ozguntur.com.tr\/ru\/wp-json\/wp\/v2\/media?parent=3461"}],"curies":[{"name":"wp","href":"https:\/\/api.w.org\/{rel}","templated":true}]}}